{"id":80,"date":"2012-02-10T09:38:55","date_gmt":"2012-02-10T09:38:55","guid":{"rendered":"https:\/\/www.jasper-feinblech.de\/de\/?page_id=80"},"modified":"2012-02-23T15:17:12","modified_gmt":"2012-02-23T15:17:12","slug":"produkte","status":"publish","type":"page","link":"https:\/\/www.jasper-feinblech.de\/de\/index.php\/produkte\/","title":{"rendered":"Produkte"},"content":{"rendered":"<div class=\"large\">\n<div class=\"img\"><img loading=\"lazy\" decoding=\"async\" class=\"alignnone size-full wp-image-82\" title=\"Luftkanalbogen\" src=\"https:\/\/www.jasper-feinblech.de\/de\/wp-content\/uploads\/Luftkanalbogen_90o.jpg\" alt=\"\" width=\"210\" height=\"158\" \/><\/div>\n<div class=\"text\"><strong>Luftkan\u00e4le<\/strong><br \/>\nStandardausf\u00fchrung:<br \/>\n&#8211;\u00a0Ausf\u00fchrung nach DIN EN\u00a01505,<br \/>\n&#8211; Dichtheit und Druckstufen DIN EN 1507<br \/>\n&#8211;\u00a0Blechst\u00e4rken nach DIN 24190\/91<br \/>\n&#8211; Abrechnung gem\u00e4\u00df VOB DIN (18379)<\/p>\n<p>Werkstoffe:<br \/>\n&#8211; verzinkt, min 275 g\/m\u00b2<br \/>\n&#8211; Aluminium AlMg3<br \/>\n&#8211; Edelstahl V2A<\/p><\/div>\n<\/div>\n<div class=\"large\">\n<div class=\"img\"><img loading=\"lazy\" decoding=\"async\" class=\"alignnone size-full wp-image-86\" title=\"Kulissenschalldampfer\" src=\"https:\/\/www.jasper-feinblech.de\/de\/wp-content\/uploads\/Kulissenschalldampfer.jpg\" alt=\"\" width=\"210\" height=\"158\" \/><\/div>\n<div class=\"text\"><strong>Schalld\u00e4mpfer<\/strong><br \/>\nStandardausf\u00fchrung:<br \/>\n&#8211; Geh\u00e4use aus verzinktem Stahlblech mit Luftkanalprofilrahmen<br \/>\n&#8211; Kulissen in 100mm und 200mm Breite<br \/>\n&#8211; Kulissenrahmen aus verzinktem Stahlblech<br \/>\n&#8211; F\u00fcllmaterial &#8211; Mineralwolle nicht brennbar nach DIN 4102\/A2<br \/>\n&#8211; Decklage Glasseide, wasserabweisend abriebfest bis 30m\/s<\/div>\n<\/div>\n<div class=\"large\">\n<div class=\"img\"><img loading=\"lazy\" decoding=\"async\" class=\"alignnone size-full wp-image-85\" title=\"Jalousieklappe_mit_Handversteller\" src=\"https:\/\/www.jasper-feinblech.de\/de\/wp-content\/uploads\/Jalousieklappe_mit_Handversteller.jpg\" alt=\"\" width=\"210\" height=\"158\" \/><\/div>\n<div class=\"text\"><strong>Jalousieklappen<\/strong><br \/>\nStandardausf\u00fchrung, f\u00fcr Motorbet\u00e4tigung:<br \/>\n&#8211; Geh\u00e4use aus verzinktem Stahlblech mit Luftkanalrahmen, gegenl\u00e4ufige Lamellen<br \/>\n&#8211; \u00fcber Kunststoff-Zahnr\u00e4der miteinander gekoppelt<br \/>\n&#8211; S\u00e4mtliche Zwischengr\u00f6\u00dfen ohne Aufpreis erh\u00e4ltlich<strong><br \/>\n<\/strong>Zusatzoptionen:<br \/>\n&#8211; ohne Zahnr\u00e4der mit Aussengest\u00e4nge<br \/>\n&#8211; luftdicht nach DIN 1946<br \/>\n&#8211; mit Handfeststeller<\/div>\n<\/div>\n<div class=\"large\">\n<div class=\"img\"><img loading=\"lazy\" decoding=\"async\" class=\"alignnone size-full wp-image-88\" title=\"Wetterschutzgitter_Kupfer\" src=\"https:\/\/www.jasper-feinblech.de\/de\/wp-content\/uploads\/Wetterschutzgitter_Kupfer.jpg\" alt=\"\" width=\"210\" height=\"158\" \/><\/div>\n<div class=\"text\"><strong>Wetterschutzgitter<\/strong><br \/>\nStandardausf\u00fchrung:<br \/>\n&#8211; mit feststehenden regenabweisenden Lamellen<br \/>\n&#8211; Breiten-\/H\u00f6henma\u00dfe bis 5000mm<br \/>\n&#8211; mit Maschendraht hinterlegt<br \/>\n&#8211; umlaufenden Blendrahmen 50mm<\/div>\n<\/div>\n<div class=\"large\">\n<div class=\"img\"><img loading=\"lazy\" decoding=\"async\" class=\"alignnone size-full wp-image-83\" title=\"Ausblasbogenmit_Schutzgitter\" src=\"https:\/\/www.jasper-feinblech.de\/de\/wp-content\/uploads\/Ausblasbogenmit_Schutzgitter.jpg\" alt=\"\" width=\"210\" height=\"158\" \/><\/div>\n<div class=\"text\"><strong>Ausblashauben<\/strong><\/div>\n<\/div>\n<div class=\"large\">\n<div class=\"img\"><img loading=\"lazy\" decoding=\"async\" class=\"alignnone size-full wp-image-91\" title=\"ansaughaube_1800x1800\" src=\"https:\/\/www.jasper-feinblech.de\/de\/wp-content\/uploads\/ansaughaube_1800x1800.jpg\" alt=\"\" width=\"210\" height=\"158\" \/><\/div>\n<div class=\"text\"><strong>Ansaughauben<\/strong><\/div>\n<\/div>\n<div class=\"large\">\n<div class=\"img\"><img loading=\"lazy\" decoding=\"async\" class=\"alignnone size-full wp-image-89\" title=\"Absaughaube\" src=\"https:\/\/www.jasper-feinblech.de\/de\/wp-content\/uploads\/Absaughaube.jpg\" alt=\"\" width=\"210\" height=\"158\" \/><\/div>\n<div class=\"text\"><strong>Absaughauben<\/strong><\/div>\n<\/div>\n<div class=\"large\">\n<div class=\"img\"><img loading=\"lazy\" decoding=\"async\" class=\"alignnone size-full wp-image-87\" title=\"Sonderteil_an_Kundenwunsch_1\" src=\"https:\/\/www.jasper-feinblech.de\/de\/wp-content\/uploads\/Sonderteil_an_Kundenwunsch_1.jpg\" alt=\"\" width=\"210\" height=\"158\" \/><\/div>\n<div class=\"text\"><strong>Sonderteile<\/strong><\/div>\n<\/div>\n<div class=\"large\">\n<div class=\"img\"><img loading=\"lazy\" decoding=\"async\" class=\"alignnone size-full wp-image-84\" title=\"edelstahl\" src=\"https:\/\/www.jasper-feinblech.de\/de\/wp-content\/uploads\/edelstahl.jpg\" alt=\"\" width=\"210\" height=\"158\" \/><\/div>\n<div class=\"text\"><strong>Edelstahlverarbeitung<\/strong><\/div>\n<\/div>\n<div class=\"large\">\n<div class=\"img\"><img loading=\"lazy\" decoding=\"async\" class=\"alignnone size-full wp-image-90\" title=\"Aluminium_Ansaughaube\" src=\"https:\/\/www.jasper-feinblech.de\/de\/wp-content\/uploads\/Aluminium_Ansaughaube.jpg\" alt=\"\" width=\"210\" height=\"158\" \/><\/div>\n<div class=\"text\"><strong>Aluminiumverarbeitung<\/strong><\/div>\n<\/div>\n<\/div>\n","protected":false},"excerpt":{"rendered":"<p>Luftkan\u00e4le Standardausf\u00fchrung: &#8211;\u00a0Ausf\u00fchrung nach DIN EN\u00a01505, &#8211; Dichtheit und Druckstufen DIN EN 1507 &#8211;\u00a0Blechst\u00e4rken nach DIN 24190\/91 &#8211; Abrechnung gem\u00e4\u00df VOB DIN (18379) Werkstoffe: &#8211; verzinkt, min 275 g\/m\u00b2 &#8211; Aluminium AlMg3 &#8211; Edelstahl V2A Schalld\u00e4mpfer Standardausf\u00fchrung: &#8211; Geh\u00e4use aus verzinktem Stahlblech mit Luftkanalprofilrahmen &#8211; Kulissen in 100mm und 200mm Breite &#8211; Kulissenrahmen aus verzinktem [&hellip;]<\/p>\n","protected":false},"author":1,"featured_media":0,"parent":0,"menu_order":3,"comment_status":"closed","ping_status":"closed","template":"","meta":{"footnotes":""},"class_list":["post-80","page","type-page","status-publish","hentry"],"_links":{"self":[{"href":"https:\/\/www.jasper-feinblech.de\/de\/index.php\/wp-json\/wp\/v2\/pages\/80","targetHints":{"allow":["GET"]}}],"collection":[{"href":"https:\/\/www.jasper-feinblech.de\/de\/index.php\/wp-json\/wp\/v2\/pages"}],"about":[{"href":"https:\/\/www.jasper-feinblech.de\/de\/index.php\/wp-json\/wp\/v2\/types\/page"}],"author":[{"embeddable":true,"href":"https:\/\/www.jasper-feinblech.de\/de\/index.php\/wp-json\/wp\/v2\/users\/1"}],"replies":[{"embeddable":true,"href":"https:\/\/www.jasper-feinblech.de\/de\/index.php\/wp-json\/wp\/v2\/comments?post=80"}],"version-history":[{"count":31,"href":"https:\/\/www.jasper-feinblech.de\/de\/index.php\/wp-json\/wp\/v2\/pages\/80\/revisions"}],"predecessor-version":[{"id":213,"href":"https:\/\/www.jasper-feinblech.de\/de\/index.php\/wp-json\/wp\/v2\/pages\/80\/revisions\/213"}],"wp:attachment":[{"href":"https:\/\/www.jasper-feinblech.de\/de\/index.php\/wp-json\/wp\/v2\/media?parent=80"}],"curies":[{"name":"wp","href":"https:\/\/api.w.org\/{rel}","templated":true}]}}