{"id":61,"date":"2012-02-01T14:49:10","date_gmt":"2012-02-01T14:49:10","guid":{"rendered":"https:\/\/www.jasper-feinblech.de\/de\/?page_id=61"},"modified":"2012-02-29T08:02:18","modified_gmt":"2012-02-29T08:02:18","slug":"uber-uns","status":"publish","type":"page","link":"https:\/\/www.jasper-feinblech.de\/de\/index.php\/uber-uns\/","title":{"rendered":"\u00dcber uns"},"content":{"rendered":"<p><img loading=\"lazy\" decoding=\"async\" class=\"size-full entryimgleft\" title=\"mjf_gelaende\" src=\"https:\/\/www.jasper-feinblech.de\/de\/wp-content\/uploads\/mjf_gelaende1.jpg\" alt=\"\" width=\"880\" height=\"280\" \/><\/p>\n<p>&nbsp;<\/p>\n<p>Die Martin Jasper Feinblech GmbH wurde im Jahr 2002 gegr\u00fcndet und profitiert seit Beginn von dem Wissen und der Erfahrung des Gesch\u00e4ftsf\u00fchrers Martin Jasper, der seit nunmehr 30 Jahren in der Herstellung von L\u00fcftungskomponenten t\u00e4tig ist.<\/p>\n<p>Durch die eingebrachte, langj\u00e4hrige Erfahrung in der Branche der L\u00fcftungstechnik und durch das stetige Festhalten an Unternehmensgrunds\u00e4tzen, wie z.B. Qualit\u00e4t und Flexibilit\u00e4t, hat es Martin Jasper geschafft das Unternehmen in den letzten 10 Jahren um ein Vielfaches zu vergr\u00f6\u00dfern.<\/p>\n<p>Jeder f\u00e4ngt klein an und so bildeten im Gr\u00fcndungsjahr Martin Jasper selber, seine Frau Ute Jasper und zwei Mitarbeiter das Team. Ein Jahr sp\u00e4ter waren bereits weitere 14 Mitarbeiter eingestellt, von denen die meisten bis heute im Betrieb t\u00e4tig sind. Die Mitarbeiterzahl steigt stetig an und zum heutigen Zeitpunkt kann die Martin Jasper Feinblech GmbH 35 Vollzeitangestellten einen sicheren Arbeitsplatz bieten.<\/p>\n<p>Um die Vielzahl der Auftr\u00e4ge abwickeln zu k\u00f6nnen braucht man nicht nur f\u00e4hige Mitarbeiter sondern auch Platz und somit wurden die Produktionsm\u00f6glichkeiten im Jahr 2009 ausgebaut. Die Nachbarhalle wurde zugekauft und die Produktionsfl\u00e4che vergr\u00f6\u00dferte sich somit von 1400,- m\u00b2 auf 2600,- m\u00b2.<\/p>\n<p>Die MJF GmbH kann heute, nicht ganz ohne Stolz berichten, dass auf diesen 2.600,- m\u00b2, j\u00e4hrlich rund 2.000,- Tonnen Blech, verarbeitet und an die Kunden ausgeliefert werden. Da zufriedene Kunden wiederkommen, ist die Tendenz steigend.<\/p>\n","protected":false},"excerpt":{"rendered":"<p>&nbsp; Die Martin Jasper Feinblech GmbH wurde im Jahr 2002 gegr\u00fcndet und profitiert seit Beginn von dem Wissen und der Erfahrung des Gesch\u00e4ftsf\u00fchrers Martin Jasper, der seit nunmehr 30 Jahren in der Herstellung von L\u00fcftungskomponenten t\u00e4tig ist. Durch die eingebrachte, langj\u00e4hrige Erfahrung in der Branche der L\u00fcftungstechnik und durch das stetige Festhalten an Unternehmensgrunds\u00e4tzen, wie [&hellip;]<\/p>\n","protected":false},"author":1,"featured_media":0,"parent":0,"menu_order":0,"comment_status":"closed","ping_status":"closed","template":"","meta":{"footnotes":""},"class_list":["post-61","page","type-page","status-publish","hentry"],"_links":{"self":[{"href":"https:\/\/www.jasper-feinblech.de\/de\/index.php\/wp-json\/wp\/v2\/pages\/61","targetHints":{"allow":["GET"]}}],"collection":[{"href":"https:\/\/www.jasper-feinblech.de\/de\/index.php\/wp-json\/wp\/v2\/pages"}],"about":[{"href":"https:\/\/www.jasper-feinblech.de\/de\/index.php\/wp-json\/wp\/v2\/types\/page"}],"author":[{"embeddable":true,"href":"https:\/\/www.jasper-feinblech.de\/de\/index.php\/wp-json\/wp\/v2\/users\/1"}],"replies":[{"embeddable":true,"href":"https:\/\/www.jasper-feinblech.de\/de\/index.php\/wp-json\/wp\/v2\/comments?post=61"}],"version-history":[{"count":11,"href":"https:\/\/www.jasper-feinblech.de\/de\/index.php\/wp-json\/wp\/v2\/pages\/61\/revisions"}],"predecessor-version":[{"id":241,"href":"https:\/\/www.jasper-feinblech.de\/de\/index.php\/wp-json\/wp\/v2\/pages\/61\/revisions\/241"}],"wp:attachment":[{"href":"https:\/\/www.jasper-feinblech.de\/de\/index.php\/wp-json\/wp\/v2\/media?parent=61"}],"curies":[{"name":"wp","href":"https:\/\/api.w.org\/{rel}","templated":true}]}}