{"id":334,"date":"2020-02-28T08:06:21","date_gmt":"2020-02-28T08:06:21","guid":{"rendered":"https:\/\/www.jasper-feinblech.de\/de\/?page_id=334"},"modified":"2025-12-02T14:49:06","modified_gmt":"2025-12-02T14:49:06","slug":"herzlich-willkommen","status":"publish","type":"page","link":"https:\/\/www.jasper-feinblech.de\/de\/","title":{"rendered":"Herzlich Willkommen"},"content":{"rendered":"\r\n<figure class=\"wp-block-image\"><img loading=\"lazy\" decoding=\"async\" width=\"800\" height=\"255\" class=\"wp-image-308\" src=\"https:\/\/www.jasper-feinblech.de\/de\/wp-content\/uploads\/feinblechrolle_kl-1-800x255.jpg\" alt=\"\" srcset=\"https:\/\/www.jasper-feinblech.de\/de\/wp-content\/uploads\/feinblechrolle_kl-1-800x255.jpg 800w, https:\/\/www.jasper-feinblech.de\/de\/wp-content\/uploads\/feinblechrolle_kl-1-210x67.jpg 210w, https:\/\/www.jasper-feinblech.de\/de\/wp-content\/uploads\/feinblechrolle_kl-1-768x244.jpg 768w, https:\/\/www.jasper-feinblech.de\/de\/wp-content\/uploads\/feinblechrolle_kl-1.jpg 880w\" sizes=\"auto, (max-width: 800px) 100vw, 800px\" \/><\/figure>\r\n\r\n\r\n\r\n<p>Die Martin Jasper Feinblech GmbH wurde im Jahr 2002 gegr\u00fcndet und profitiert seit Beginn von dem Wissen und der Erfahrung des Gesch\u00e4ftsf\u00fchrers Martin Jasper, der seit nunmehr 30 Jahren in der Herstellung von L\u00fcftungskomponenten t\u00e4tig ist.<\/p>\r\n\r\n\r\n\r\n<p>Durch die eingebrachte, langj\u00e4hrige Erfahrung in der Branche der L\u00fcftungstechnik und durch das stetige Festhalten an Unternehmensgrunds\u00e4tzen, wie z.B. Qualit\u00e4t und Flexibilit\u00e4t, hat es Martin Jasper geschafft das Unternehmen in den letzten 10 Jahren um ein Vielfaches zu vergr\u00f6\u00dfern.<\/p>\r\n\r\n\r\n\r\n<figure class=\"wp-block-image is-resized\" style=\"background: #FFF;\"><a href=\"http:\/\/www.hflev.de\/\" target=\"_blank\" rel=\"noreferrer noopener\"><img loading=\"lazy\" decoding=\"async\" src=\"https:\/\/www.jasper-feinblech.de\/de\/wp-content\/uploads\/HFL-klein.jpg\" alt=\"\" width=\"169\" height=\"74\" \/><\/a>\r\n<figcaption>Wir sind Mitglied im HFL<\/figcaption>\r\n<\/figure>\r\n\r\n\r\n\r\n<div class=\"wp-block-image\" style=\"background: #FFF;\">\r\n<figure class=\"alignleft\"><a href=\"https:\/\/www.jasper-feinblech.de\/de\/wp-content\/uploads\/Zertifikat-ISO-9001_final_v00-1.pdf\" target=\"_blank\" rel=\"noreferrer noopener\"><img loading=\"lazy\" decoding=\"async\" class=\"alignnone\" src=\"https:\/\/www.jasper-feinblech.de\/de\/wp-content\/uploads\/infaz.gif\" alt=\"\" width=\"160\" height=\"98\" \/><\/a>\r\n<figcaption>Wir sind zertifiziert<\/figcaption>\r\n<\/figure>\r\n<\/div>\r\n","protected":false},"excerpt":{"rendered":"<p>Die Martin Jasper Feinblech GmbH wurde im Jahr 2002 gegr\u00fcndet und profitiert seit Beginn von dem Wissen und der Erfahrung des Gesch\u00e4ftsf\u00fchrers Martin Jasper, der seit nunmehr 30 Jahren in der Herstellung von L\u00fcftungskomponenten t\u00e4tig ist. Durch die eingebrachte, langj\u00e4hrige Erfahrung in der Branche der L\u00fcftungstechnik und durch das stetige Festhalten an Unternehmensgrunds\u00e4tzen, wie z.B. [&hellip;]<\/p>\n","protected":false},"author":1,"featured_media":0,"parent":0,"menu_order":0,"comment_status":"closed","ping_status":"closed","template":"","meta":{"footnotes":""},"class_list":["post-334","page","type-page","status-publish","hentry"],"_links":{"self":[{"href":"https:\/\/www.jasper-feinblech.de\/de\/index.php\/wp-json\/wp\/v2\/pages\/334","targetHints":{"allow":["GET"]}}],"collection":[{"href":"https:\/\/www.jasper-feinblech.de\/de\/index.php\/wp-json\/wp\/v2\/pages"}],"about":[{"href":"https:\/\/www.jasper-feinblech.de\/de\/index.php\/wp-json\/wp\/v2\/types\/page"}],"author":[{"embeddable":true,"href":"https:\/\/www.jasper-feinblech.de\/de\/index.php\/wp-json\/wp\/v2\/users\/1"}],"replies":[{"embeddable":true,"href":"https:\/\/www.jasper-feinblech.de\/de\/index.php\/wp-json\/wp\/v2\/comments?post=334"}],"version-history":[{"count":5,"href":"https:\/\/www.jasper-feinblech.de\/de\/index.php\/wp-json\/wp\/v2\/pages\/334\/revisions"}],"predecessor-version":[{"id":441,"href":"https:\/\/www.jasper-feinblech.de\/de\/index.php\/wp-json\/wp\/v2\/pages\/334\/revisions\/441"}],"wp:attachment":[{"href":"https:\/\/www.jasper-feinblech.de\/de\/index.php\/wp-json\/wp\/v2\/media?parent=334"}],"curies":[{"name":"wp","href":"https:\/\/api.w.org\/{rel}","templated":true}]}}