{"id":11,"date":"2012-01-20T09:39:23","date_gmt":"2012-01-20T09:39:23","guid":{"rendered":"https:\/\/www.jasper-feinblech.de\/de\/?page_id=11"},"modified":"2012-02-23T10:13:00","modified_gmt":"2012-02-23T10:13:00","slug":"referenzen","status":"publish","type":"page","link":"https:\/\/www.jasper-feinblech.de\/de\/index.php\/referenzen\/","title":{"rendered":"Referenzen"},"content":{"rendered":"<p>Ein kleiner Auszug unserer Projekte:<\/p>\n<div class=\"ref\">\n<div class=\"img\"><a href=\"https:\/\/www.jasper-feinblech.de\/de\/wp-content\/uploads\/3130161382_Arge_RheinBerg_Galerie_02.jpg\" class=\"highslide-image\" onclick=\"return hs.expand(this);\"><img loading=\"lazy\" decoding=\"async\" class=\"alignnone  wp-image-50\" title=\"3130161382_Arge_RheinBerg_Galerie_02\" src=\"https:\/\/www.jasper-feinblech.de\/de\/wp-content\/uploads\/3130161382_Arge_RheinBerg_Galerie_02-210x125.jpg\" alt=\"\" width=\"210\" height=\"126\" srcset=\"https:\/\/www.jasper-feinblech.de\/de\/wp-content\/uploads\/3130161382_Arge_RheinBerg_Galerie_02-210x125.jpg 210w, https:\/\/www.jasper-feinblech.de\/de\/wp-content\/uploads\/3130161382_Arge_RheinBerg_Galerie_02.jpg 669w\" sizes=\"auto, (max-width: 210px) 100vw, 210px\" \/><\/a><\/div>\n<div class=\"text\"><strong>RheinBerg Galerie<\/strong><br \/>\n13.900,27 m\u00b2 Form- und Luftkan\u00e4le<\/div>\n<\/div>\n<div class=\"ref\">\n<div class=\"img\"><img loading=\"lazy\" decoding=\"async\" class=\"alignnone size-full wp-image-37\" title=\"Hacker_Kuchen\" src=\"https:\/\/www.jasper-feinblech.de\/de\/wp-content\/uploads\/Hacker_Kuchen.jpg\" alt=\"\" width=\"210\" height=\"126\" \/><\/div>\n<div class=\"text\"><strong>H\u00e4cker K\u00fcchen<\/strong><br \/>\n7.455,74 m\u00b2 Form- und Luftkan\u00e4le<\/div>\n<\/div>\n<div class=\"ref\">\n<div class=\"img\"><a href=\"https:\/\/www.jasper-feinblech.de\/de\/wp-content\/uploads\/senneheiser.jpg\" class=\"highslide-image\" onclick=\"return hs.expand(this);\"><img loading=\"lazy\" decoding=\"async\" class=\"alignnone  wp-image-66\" title=\"Sennheiser\" src=\"https:\/\/www.jasper-feinblech.de\/de\/wp-content\/uploads\/senneheiser-210x126.jpg\" alt=\"\" width=\"210\" height=\"126\" srcset=\"https:\/\/www.jasper-feinblech.de\/de\/wp-content\/uploads\/senneheiser-210x126.jpg 210w, https:\/\/www.jasper-feinblech.de\/de\/wp-content\/uploads\/senneheiser.jpg 458w\" sizes=\"auto, (max-width: 210px) 100vw, 210px\" \/><\/a><\/div>\n<div class=\"text\"><strong>Sennheiser Electronic GmbH<\/strong><br \/>\n6.922,32 m\u00b2 Form- und Luftkan\u00e4le<\/div>\n<\/div>\n<div class=\"ref\">\n<div class=\"img\"><a href=\"https:\/\/www.jasper-feinblech.de\/de\/wp-content\/uploads\/Ingolstadt-neu.jpg\" class=\"highslide-image\" onclick=\"return hs.expand(this);\"><img loading=\"lazy\" decoding=\"async\" class=\"alignnone  wp-image-39\" title=\"Ingolstadt-neu\" src=\"https:\/\/www.jasper-feinblech.de\/de\/wp-content\/uploads\/Ingolstadt-neu-210x125.jpg\" alt=\"\" width=\"210\" height=\"126\" srcset=\"https:\/\/www.jasper-feinblech.de\/de\/wp-content\/uploads\/Ingolstadt-neu-210x125.jpg 210w, https:\/\/www.jasper-feinblech.de\/de\/wp-content\/uploads\/Ingolstadt-neu.jpg 402w\" sizes=\"auto, (max-width: 210px) 100vw, 210px\" \/><\/a><\/div>\n<div class=\"text\"><strong>M\u00f6belhof Ingolstadt<\/strong><br \/>\n6017,72 m\u00b2 Form- und Luftkan\u00e4le<\/div>\n<\/div>\n<div class=\"ref\">\n<div class=\"img\"><img loading=\"lazy\" decoding=\"async\" class=\"alignnone size-full wp-image-126\" title=\"obo_menden_072_02\" src=\"https:\/\/www.jasper-feinblech.de\/de\/wp-content\/uploads\/obo_menden_072_02.jpg\" alt=\"\" width=\"210\" height=\"126\" \/><\/div>\n<div class=\"text\"><strong>OBO Bettermann<\/strong><br \/>\n5.894,44 m\u00b2 Form- und Luftkan\u00e4le<\/div>\n<\/div>\n<div class=\"ref\">\n<div class=\"img\"><a href=\"https:\/\/www.jasper-feinblech.de\/de\/wp-content\/uploads\/Parkhotel_Hagenbeck.jpg\" class=\"highslide-image\" onclick=\"return hs.expand(this);\"><img loading=\"lazy\" decoding=\"async\" class=\"alignnone  wp-image-53\" title=\"Parkhotel_Hagenbeck\" src=\"https:\/\/www.jasper-feinblech.de\/de\/wp-content\/uploads\/Parkhotel_Hagenbeck-210x125.jpg\" alt=\"\" width=\"210\" height=\"126\" srcset=\"https:\/\/www.jasper-feinblech.de\/de\/wp-content\/uploads\/Parkhotel_Hagenbeck-210x125.jpg 210w, https:\/\/www.jasper-feinblech.de\/de\/wp-content\/uploads\/Parkhotel_Hagenbeck.jpg 427w\" sizes=\"auto, (max-width: 210px) 100vw, 210px\" \/><\/a><\/div>\n<div class=\"text\">\n<p><strong>Lindner Parkhotel Hagenbeck<\/strong><br \/>\n4.971,19 m\u00b2 Form- und Luftkan\u00e4le<\/p>\n<\/div>\n<\/div>\n<div class=\"ref\">\n<div class=\"img\"><a href=\"https:\/\/www.jasper-feinblech.de\/de\/wp-content\/uploads\/lut_osnabrueck.jpg\" class=\"highslide-image\" onclick=\"return hs.expand(this);\"><img loading=\"lazy\" decoding=\"async\" class=\"alignnone  wp-image-41\" title=\"lut_osnabrueck\" src=\"https:\/\/www.jasper-feinblech.de\/de\/wp-content\/uploads\/lut_osnabrueck-210x125.jpg\" alt=\"\" width=\"210\" height=\"126\" srcset=\"https:\/\/www.jasper-feinblech.de\/de\/wp-content\/uploads\/lut_osnabrueck-210x125.jpg 210w, https:\/\/www.jasper-feinblech.de\/de\/wp-content\/uploads\/lut_osnabrueck-800x479.jpg 800w, https:\/\/www.jasper-feinblech.de\/de\/wp-content\/uploads\/lut_osnabrueck.jpg 1024w\" sizes=\"auto, (max-width: 210px) 100vw, 210px\" \/><\/a><\/div>\n<div class=\"text\"><strong>L+T Osnabr\u00fcck<\/strong><br \/>\n3.431,66 m\u00b2 Form- und Luftkan\u00e4le<\/div>\n<\/div>\n<div class=\"ref\">\n<div class=\"img\"><a href=\"https:\/\/www.jasper-feinblech.de\/de\/wp-content\/uploads\/mobel_heinrich.jpg\" class=\"highslide-image\" onclick=\"return hs.expand(this);\"><img loading=\"lazy\" decoding=\"async\" class=\"alignnone  wp-image-51\" title=\"mobel_heinrich\" src=\"https:\/\/www.jasper-feinblech.de\/de\/wp-content\/uploads\/mobel_heinrich-210x125.jpg\" alt=\"\" width=\"210\" height=\"126\" srcset=\"https:\/\/www.jasper-feinblech.de\/de\/wp-content\/uploads\/mobel_heinrich-210x125.jpg 210w, https:\/\/www.jasper-feinblech.de\/de\/wp-content\/uploads\/mobel_heinrich.jpg 427w\" sizes=\"auto, (max-width: 210px) 100vw, 210px\" \/><\/a><\/div>\n<div class=\"text\"><strong><\/strong><strong>M\u00f6bel Heinrich <\/strong><br \/>\n5.392,22 m\u00b2 Form- und Luftkan\u00e4le<\/div>\n<\/div>\n<div class=\"ref\">\n<div class=\"img\"><a href=\"https:\/\/www.jasper-feinblech.de\/de\/wp-content\/uploads\/porta-alwarmb\u00fcchen.jpg\" class=\"highslide-image\" onclick=\"return hs.expand(this);\"><img loading=\"lazy\" decoding=\"async\" class=\"alignnone size-medium wp-image-127\" title=\"porta-alwarmb\u00fcchen\" src=\"https:\/\/www.jasper-feinblech.de\/de\/wp-content\/uploads\/porta-alwarmb\u00fcchen-210x125.jpg\" alt=\"\" width=\"210\" height=\"125\" srcset=\"https:\/\/www.jasper-feinblech.de\/de\/wp-content\/uploads\/porta-alwarmb\u00fcchen-210x125.jpg 210w, https:\/\/www.jasper-feinblech.de\/de\/wp-content\/uploads\/porta-alwarmb\u00fcchen-800x478.jpg 800w, https:\/\/www.jasper-feinblech.de\/de\/wp-content\/uploads\/porta-alwarmb\u00fcchen.jpg 1131w\" sizes=\"auto, (max-width: 210px) 100vw, 210px\" \/><\/a><\/div>\n<div class=\"text\"><strong>Porta<\/strong><br \/>\n62. 072,73 m\u00b2 Form- und Luftkan\u00e4le<\/div>\n<\/div>\n<div class=\"ref\">\n<div class=\"img\"><a href=\"https:\/\/www.jasper-feinblech.de\/de\/wp-content\/uploads\/Arneken-Galerie-Hildesheim.jpg\" class=\"highslide-image\" onclick=\"return hs.expand(this);\"><img loading=\"lazy\" decoding=\"async\" class=\"alignnone size-medium wp-image-128\" title=\"Arneken-Galerie-Hildesheim\" src=\"https:\/\/www.jasper-feinblech.de\/de\/wp-content\/uploads\/Arneken-Galerie-Hildesheim-210x125.jpg\" alt=\"\" width=\"210\" height=\"125\" srcset=\"https:\/\/www.jasper-feinblech.de\/de\/wp-content\/uploads\/Arneken-Galerie-Hildesheim-210x125.jpg 210w, https:\/\/www.jasper-feinblech.de\/de\/wp-content\/uploads\/Arneken-Galerie-Hildesheim.jpg 800w\" sizes=\"auto, (max-width: 210px) 100vw, 210px\" \/><\/a><\/div>\n<div class=\"text\"><strong><\/strong><strong>Arneken Galerie <\/strong><br \/>\n11.396,64 m\u00b2Form- und Luftkan\u00e4le<\/div>\n<\/div>\n","protected":false},"excerpt":{"rendered":"<p>Ein kleiner Auszug unserer Projekte: RheinBerg Galerie 13.900,27 m\u00b2 Form- und Luftkan\u00e4le H\u00e4cker K\u00fcchen 7.455,74 m\u00b2 Form- und Luftkan\u00e4le Sennheiser Electronic GmbH 6.922,32 m\u00b2 Form- und Luftkan\u00e4le M\u00f6belhof Ingolstadt 6017,72 m\u00b2 Form- und Luftkan\u00e4le OBO Bettermann 5.894,44 m\u00b2 Form- und Luftkan\u00e4le Lindner Parkhotel Hagenbeck 4.971,19 m\u00b2 Form- und Luftkan\u00e4le L+T Osnabr\u00fcck 3.431,66 m\u00b2 Form- und [&hellip;]<\/p>\n","protected":false},"author":1,"featured_media":0,"parent":0,"menu_order":5,"comment_status":"closed","ping_status":"closed","template":"","meta":{"footnotes":""},"class_list":["post-11","page","type-page","status-publish","hentry"],"_links":{"self":[{"href":"https:\/\/www.jasper-feinblech.de\/de\/index.php\/wp-json\/wp\/v2\/pages\/11","targetHints":{"allow":["GET"]}}],"collection":[{"href":"https:\/\/www.jasper-feinblech.de\/de\/index.php\/wp-json\/wp\/v2\/pages"}],"about":[{"href":"https:\/\/www.jasper-feinblech.de\/de\/index.php\/wp-json\/wp\/v2\/types\/page"}],"author":[{"embeddable":true,"href":"https:\/\/www.jasper-feinblech.de\/de\/index.php\/wp-json\/wp\/v2\/users\/1"}],"replies":[{"embeddable":true,"href":"https:\/\/www.jasper-feinblech.de\/de\/index.php\/wp-json\/wp\/v2\/comments?post=11"}],"version-history":[{"count":28,"href":"https:\/\/www.jasper-feinblech.de\/de\/index.php\/wp-json\/wp\/v2\/pages\/11\/revisions"}],"predecessor-version":[{"id":157,"href":"https:\/\/www.jasper-feinblech.de\/de\/index.php\/wp-json\/wp\/v2\/pages\/11\/revisions\/157"}],"wp:attachment":[{"href":"https:\/\/www.jasper-feinblech.de\/de\/index.php\/wp-json\/wp\/v2\/media?parent=11"}],"curies":[{"name":"wp","href":"https:\/\/api.w.org\/{rel}","templated":true}]}}