{"id":107,"date":"2012-02-13T14:21:07","date_gmt":"2012-02-13T14:21:07","guid":{"rendered":"https:\/\/www.jasper-feinblech.de\/de\/?page_id=107"},"modified":"2022-06-30T09:32:02","modified_gmt":"2022-06-30T09:32:02","slug":"leistungen","status":"publish","type":"page","link":"https:\/\/www.jasper-feinblech.de\/de\/index.php\/leistungen\/","title":{"rendered":"Leistungen"},"content":{"rendered":"<div class=\"large\">\n<div class=\"img\"><img loading=\"lazy\" decoding=\"async\" class=\"alignnone size-full wp-image-82\" title=\"TruLaser 3030\" src=\"https:\/\/www.jasper-feinblech.de\/de\/wp-content\/uploads\/oragetblob.jpg\" alt=\"\" width=\"210\" height=\"158\" \/><\/div>\n<div class=\"text\"><strong>Trumpf \u201eTruLaser 3030 fiber\u201c<\/strong><br \/>\nIhre Entw\u00fcrfe k\u00f6nnen wir problemlos\u00a0an Hand von DXF- und DWG Dateien passgenau fertigen, ebenfalls ist eine Fertigung nach Ihrer pers\u00f6nlichen Zeichnung m\u00f6glich. Das Endprodukt weist durch die saubere Schneidetechnik*, oxid- und gradfreie Schnitte vor.<br \/>\nDie \u201cTruLaser 3030 fiber\u201c kann folgende Materialien schneiden:<\/div>\n<div class=\"text\">Die \u201eTruLaser 3030 fiber\u201c kann:<br \/>\n\u2022 Baustahl bis t=20mm<br \/>\n\u2022 Edelstahl bis\u00a0 t=15mm<br \/>\n\u2022 Aluminium bis t=15mm<br \/>\n\u2022 Kupfer bis t=6mm<br \/>\n\u2022 Messing bis t=6mm<br \/>\n\u2022 verzinktes Blech bis t=4mm <\/div>\n<\/div>\n<div class=\"large\">\n<div class=\"img\"><img loading=\"lazy\" decoding=\"async\" class=\"alignnone size-full wp-image-134\" title=\"glaskugeln\" src=\"https:\/\/www.jasper-feinblech.de\/de\/wp-content\/uploads\/glaskugeln.jpg\" alt=\"\" width=\"210\" height=\"158\" \/><\/div>\n<div class=\"text\"><strong>Glasperlenstrahlen von Edelstahlteilen<\/strong><br \/>\nGlaskugeln sind speziell f\u00fcr die Strahltechnik entwickelte Hochleistungskugeln, die h\u00f6chsten Qualit\u00e4tsanspr\u00fcchen in Siebung und Standzeit gerecht werden. Glaskugeln bieten eine Kombination physikalisch-chemischer Eigenschaften, die kein anderes Strahlmittel besitzt.<br \/>\nDas Bestrahlen mit Glaskugeln erzeugt hochfeine reine Oberfl\u00e4chen, ohne diese anzugreifen oder zu besch\u00e4digen.<\/div>\n<div class=\"text\">Der Einsatz von Glaskugeln eignet sich optimal zum Reinigen von Werkst\u00fccken aller Art, wie z.B. Formen, Kokillen, Werkzeugen, Armaturen, Beseitigen von Anlauffarben, Veredeln von Oberfl\u00e4chen, Verfestigen und vielem mehr.<\/div>\n<\/div>\n<div class=\"large\">\n<div class=\"img\"><img decoding=\"async\" class=\"size-full wp-image-134 aligncenter\" style=\"width: auto;\" title=\"glaskugeln\" src=\"https:\/\/www.jasper-feinblech.de\/de\/wp-content\/uploads\/PARTNER_Badge-02.jpg\" alt=\"\" height=\"158\" \/><\/div>\n<div class=\"text\"><strong>Aeroseal-Partnerschaft<\/strong><br \/>\n<a href=\"https:\/\/www.jasper-feinblech.de\/de\/wp-content\/uploads\/MEZ-AEROSEAL-2020_DE-2.pdf\">Aeroseal Brosch\u00fcre als PDF<\/a><\/div>\n<\/div>\n","protected":false},"excerpt":{"rendered":"<p>Trumpf \u201eTruLaser 3030 fiber\u201c Ihre Entw\u00fcrfe k\u00f6nnen wir problemlos\u00a0an Hand von DXF- und DWG Dateien passgenau fertigen, ebenfalls ist eine Fertigung nach Ihrer pers\u00f6nlichen Zeichnung m\u00f6glich. Das Endprodukt weist durch die saubere Schneidetechnik*, oxid- und gradfreie Schnitte vor. Die \u201cTruLaser 3030 fiber\u201c kann folgende Materialien schneiden: Die \u201eTruLaser 3030 fiber\u201c kann: \u2022 Baustahl bis t=20mm [&hellip;]<\/p>\n","protected":false},"author":1,"featured_media":0,"parent":0,"menu_order":4,"comment_status":"closed","ping_status":"closed","template":"","meta":{"footnotes":""},"class_list":["post-107","page","type-page","status-publish","hentry"],"_links":{"self":[{"href":"https:\/\/www.jasper-feinblech.de\/de\/index.php\/wp-json\/wp\/v2\/pages\/107","targetHints":{"allow":["GET"]}}],"collection":[{"href":"https:\/\/www.jasper-feinblech.de\/de\/index.php\/wp-json\/wp\/v2\/pages"}],"about":[{"href":"https:\/\/www.jasper-feinblech.de\/de\/index.php\/wp-json\/wp\/v2\/types\/page"}],"author":[{"embeddable":true,"href":"https:\/\/www.jasper-feinblech.de\/de\/index.php\/wp-json\/wp\/v2\/users\/1"}],"replies":[{"embeddable":true,"href":"https:\/\/www.jasper-feinblech.de\/de\/index.php\/wp-json\/wp\/v2\/comments?post=107"}],"version-history":[{"count":17,"href":"https:\/\/www.jasper-feinblech.de\/de\/index.php\/wp-json\/wp\/v2\/pages\/107\/revisions"}],"predecessor-version":[{"id":421,"href":"https:\/\/www.jasper-feinblech.de\/de\/index.php\/wp-json\/wp\/v2\/pages\/107\/revisions\/421"}],"wp:attachment":[{"href":"https:\/\/www.jasper-feinblech.de\/de\/index.php\/wp-json\/wp\/v2\/media?parent=107"}],"curies":[{"name":"wp","href":"https:\/\/api.w.org\/{rel}","templated":true}]}}