{"id":103,"date":"2012-02-10T12:25:41","date_gmt":"2012-02-10T12:25:41","guid":{"rendered":"https:\/\/www.jasper-feinblech.de\/de\/?page_id=103"},"modified":"2012-02-22T08:36:05","modified_gmt":"2012-02-22T08:36:05","slug":"impressum","status":"publish","type":"page","link":"https:\/\/www.jasper-feinblech.de\/de\/index.php\/impressum\/","title":{"rendered":"Impressum"},"content":{"rendered":"<p>Impressum laut \u00a76 des TDG (Teledienstgesetz):<\/p>\n<p>Martin Jasper Feinblech GmbH<br \/>\nGartenkamp 108<br \/>\n49492 Westerkappeln<br \/>\nTel.: 05404\/9585-0<br \/>\nFax.: 05404\/9585-20<br \/>\nE-Mail: <a href=\"mailto:info@jasper-feinblech.de\">info@jasper-feinblech.de<\/a><br \/>\nInternet: <a href=\"..\/..\/\">www.jasper-feinblech.de<\/a><br \/>\nGesch\u00e4ftsf\u00fchrender Gesellschafter: Martin Jasper<br \/>\nRegistergericht: Amtsgericht Ibbenb\u00fcren<br \/>\nRegisternummer: HR B 6711<\/p>\n<p>Umsatzsteuer-Identifikationsnummer gem\u00e4\u00df \u00a727a<br \/>\nUmsatzsteuergesetz: DE225180956<\/p>\n<p><strong>Haftungshinweis:<\/strong><br \/>\nMit Urteil vom 12. Mai 1998 hat das Landgericht Hamburg entschieden, dass Betreiber von Webseiten durch das Anbringen eines Links die Inhalte der gelinkten Seite gegebenenfalls mit zu verantworten haben. Dies kann \u2013 so das LG \u2013 dadurch verhindert werden, dass der Betreiber sich ausdr\u00fccklich von diesen Inhalten distanziert.<\/p>\n<p>F\u00fcr Verweise auf den Seiten der Firma Martin Jasper Feinblech GmbH m\u00f6chten wir ausdr\u00fccklich betonen, dass wir keinerlei Einfluss auf den Linktext, die Gestaltung, evtl. Verletzungen geltender Rechte, auch Marken- und Titelrechte und die Inhalte der gelinkten Seiten haben. Wir distanzieren uns ausdr\u00fccklich von den Linkformulierungen, sowie von allen Inhalten aller Seiten auf die wir Verweise gesetzt haben und machen uns ihre Inhalte nicht zu eigen. Diese Erkl\u00e4rung gilt f\u00fcr alle auf unserer Website angebrachten Links und f\u00fcr alle Inhalte der Seiten, zu denen die bei uns angemeldeten Banner oder Links f\u00fchren.<\/p>\n<p>Wir bem\u00fchen uns, m\u00f6glichst genaue und zuverl\u00e4ssige Informationen auf unseren Webseiten zu ver\u00f6ffentlichen. Wir k\u00f6nnen jedoch keinerlei Gew\u00e4hr f\u00fcr die Richtigkeit aller ver\u00f6ffentlichten Informationen leisten. Jegliche Haftung f\u00fcr den Fall von Irrt\u00fcmern oder Auslassungen auf unseren Webseiten wird ausgeschlossen.<\/p>\n","protected":false},"excerpt":{"rendered":"<p>Impressum laut \u00a76 des TDG (Teledienstgesetz): Martin Jasper Feinblech GmbH Gartenkamp 108 49492 Westerkappeln Tel.: 05404\/9585-0 Fax.: 05404\/9585-20 E-Mail: info@jasper-feinblech.de Internet: www.jasper-feinblech.de Gesch\u00e4ftsf\u00fchrender Gesellschafter: Martin Jasper Registergericht: Amtsgericht Ibbenb\u00fcren Registernummer: HR B 6711 Umsatzsteuer-Identifikationsnummer gem\u00e4\u00df \u00a727a Umsatzsteuergesetz: DE225180956 Haftungshinweis: Mit Urteil vom 12. Mai 1998 hat das Landgericht Hamburg entschieden, dass Betreiber von Webseiten durch [&hellip;]<\/p>\n","protected":false},"author":1,"featured_media":0,"parent":0,"menu_order":1,"comment_status":"closed","ping_status":"closed","template":"","meta":{"footnotes":""},"class_list":["post-103","page","type-page","status-publish","hentry"],"_links":{"self":[{"href":"https:\/\/www.jasper-feinblech.de\/de\/index.php\/wp-json\/wp\/v2\/pages\/103","targetHints":{"allow":["GET"]}}],"collection":[{"href":"https:\/\/www.jasper-feinblech.de\/de\/index.php\/wp-json\/wp\/v2\/pages"}],"about":[{"href":"https:\/\/www.jasper-feinblech.de\/de\/index.php\/wp-json\/wp\/v2\/types\/page"}],"author":[{"embeddable":true,"href":"https:\/\/www.jasper-feinblech.de\/de\/index.php\/wp-json\/wp\/v2\/users\/1"}],"replies":[{"embeddable":true,"href":"https:\/\/www.jasper-feinblech.de\/de\/index.php\/wp-json\/wp\/v2\/comments?post=103"}],"version-history":[{"count":3,"href":"https:\/\/www.jasper-feinblech.de\/de\/index.php\/wp-json\/wp\/v2\/pages\/103\/revisions"}],"predecessor-version":[{"id":295,"href":"https:\/\/www.jasper-feinblech.de\/de\/index.php\/wp-json\/wp\/v2\/pages\/103\/revisions\/295"}],"wp:attachment":[{"href":"https:\/\/www.jasper-feinblech.de\/de\/index.php\/wp-json\/wp\/v2\/media?parent=103"}],"curies":[{"name":"wp","href":"https:\/\/api.w.org\/{rel}","templated":true}]}}